{"id":10,"date":"2025-11-26T18:17:03","date_gmt":"2025-11-26T18:17:03","guid":{"rendered":"https:\/\/grimaldimexico.com\/?page_id=10"},"modified":"2025-12-16T20:57:21","modified_gmt":"2025-12-16T20:57:21","slug":"inicio","status":"publish","type":"page","link":"https:\/\/grimaldimexico.com\/","title":{"rendered":"INICIO"},"content":{"rendered":"<p>[et_pb_section fb_built=\u00bb1&#8243; fullwidth=\u00bbon\u00bb _builder_version=\u00bb4.27.4&#8243; _module_preset=\u00bbdefault\u00bb background_enable_color=\u00bboff\u00bb background_video_mp4=\u00bbhttps:\/\/grimaldimexico.com\/wp-content\/uploads\/2025\/11\/WhatsApp-Video-2025-11-22-at-12.02.28.mp4&#8243; z_index=\u00bb-500&#8243; min_height=\u00bb100vh\u00bb custom_padding=\u00bb||||false|false\u00bb global_colors_info=\u00bb{}\u00bb][et_pb_fullwidth_menu menu_style=\u00bbinline_centered_logo\u00bb fullwidth_menu=\u00bboff\u00bb active_link_color=\u00bb#FFFFFF\u00bb logo=\u00bbhttps:\/\/grimaldimexico.com\/wp-content\/uploads\/2025\/11\/cropped-logo-scaled.png\u00bb logo_width=\u00bb30%\u00bb logo_max_width=\u00bb30%\u00bb _builder_version=\u00bb4.27.4&#8243; _module_preset=\u00bbdefault\u00bb menu_font=\u00bbTimes New Roman||||||||\u00bb menu_text_color=\u00bb#FFFFFF\u00bb menu_font_size=\u00bb21px\u00bb menu_letter_spacing=\u00bb2px\u00bb background_color=\u00bbrgba(0,0,0,0.68)\u00bb positioning=\u00bbrelative\u00bb z_index=\u00bb500&#8243; width=\u00bb100%\u00bb module_alignment=\u00bbright\u00bb filter_saturate=\u00bb112%\u00bb filter_brightness=\u00bb200%\u00bb child_filter_hue_rotate=\u00bb333deg\u00bb child_filter_saturate=\u00bb0%\u00bb child_filter_brightness=\u00bb200%\u00bb child_filter_contrast=\u00bb0%\u00bb child_mix_blend_mode=\u00bbscreen\u00bb hover_enabled=\u00bb0&#8243; menu_text_shadow_style=\u00bbpreset3&#8243; menu_text_shadow_color=\u00bb#000000&#8243; global_colors_info=\u00bb{}\u00bb sticky_enabled=\u00bb0&#8243;][\/et_pb_fullwidth_menu][et_pb_fullwidth_header title=\u00bbSOLUCIONES HIDRAULICAS\u00bb button_one_text=\u00bbRevisa nuestro cat\u00e1logo\u00bb _builder_version=\u00bb4.27.4&#8243; _module_preset=\u00bbdefault\u00bb title_font=\u00bbOrbitron||||||||\u00bb title_font_size=\u00bb92px\u00bb content_font=\u00bbOrbitron|700|||||||\u00bb content_text_align=\u00bbleft\u00bb content_font_size=\u00bb22px\u00bb content_line_height=\u00bb2em\u00bb background_color=\u00bbrgba(0,0,0,0.68)\u00bb custom_button_one=\u00bbon\u00bb button_one_text_color=\u00bb#FFFFFF\u00bb button_one_bg_color=\u00bb#34378d\u00bb button_one_border_width=\u00bb0px\u00bb button_one_border_radius=\u00bb0px\u00bb button_one_letter_spacing=\u00bb4px\u00bb button_one_icon=\u00bb&#xe07e;||divi||400&#8243; button_one_icon_placement=\u00bbleft\u00bb button_one_custom_margin_tablet=\u00bb\u00bb button_one_custom_margin_phone=\u00bb||||false|false\u00bb button_one_custom_margin_last_edited=\u00bbon|phone\u00bb button_one_custom_padding=\u00bb9px|8px|9px||false|false\u00bb module_alignment=\u00bbleft\u00bb min_height=\u00bb100vh\u00bb custom_padding=\u00bb40vh|||0px|false|false\u00bb title_font_size_tablet=\u00bb92px\u00bb title_font_size_phone=\u00bb38px\u00bb title_font_size_last_edited=\u00bbon|phone\u00bb content_font_size_tablet=\u00bb22px\u00bb content_font_size_phone=\u00bb16px\u00bb content_font_size_last_edited=\u00bbon|phone\u00bb button_one_text_size_tablet=\u00bb\u00bb button_one_text_size_phone=\u00bb15px\u00bb button_one_text_size_last_edited=\u00bbon|phone\u00bb title_text_shadow_style=\u00bbpreset1&#8243; button_one_text_shadow_style=\u00bbpreset1&#8243; box_shadow_style_button_one=\u00bbpreset1&#8243; global_colors_info=\u00bb{}\u00bb]<\/p>\n<p>Sistemas Roll Off, Gr\u00faas poligrapas, contenedores y mucho mas.<\/p>\n<p>[\/et_pb_fullwidth_header][\/et_pb_section][et_pb_section fb_built=\u00bb1&#8243; _builder_version=\u00bb4.27.4&#8243; _module_preset=\u00bbdefault\u00bb width=\u00bb100%\u00bb max_width=\u00bb100%\u00bb module_alignment=\u00bbcenter\u00bb custom_padding=\u00bb||9px|||\u00bb global_colors_info=\u00bb{}\u00bb][et_pb_row _builder_version=\u00bb4.27.4&#8243; _module_preset=\u00bbdefault\u00bb global_colors_info=\u00bb{}\u00bb][et_pb_column type=\u00bb4_4&#8243; _builder_version=\u00bb4.27.4&#8243; _module_preset=\u00bbdefault\u00bb global_colors_info=\u00bb{}\u00bb][dsm_perspective_image src=\u00bbhttps:\/\/grimaldimexico.com\/wp-content\/uploads\/2025\/11\/cropped-logo-scaled.png\u00bb title_text=\u00bbcropped-logo\u00bb _builder_version=\u00bb4.27.4&#8243; _module_preset=\u00bbdefault\u00bb global_colors_info=\u00bb{}\u00bb][\/dsm_perspective_image][\/et_pb_column][\/et_pb_row][et_pb_row use_custom_gutter=\u00bbon\u00bb gutter_width=\u00bb2&#8243; make_equal=\u00bbon\u00bb _builder_version=\u00bb4.27.4&#8243; _module_preset=\u00bbdefault\u00bb width=\u00bb100%\u00bb max_width=\u00bb70%\u00bb global_colors_info=\u00bb{}\u00bb][et_pb_column type=\u00bb4_4&#8243; _builder_version=\u00bb4.27.4&#8243; _module_preset=\u00bbdefault\u00bb global_colors_info=\u00bb{}\u00bb][dsm_text_divider header=\u00bbC\u00d3MO PODEMOS AYUDARTE\u00bb color=\u00bb#34378d\u00bb divider_style=\u00bboutset\u00bb _builder_version=\u00bb4.27.4&#8243; _module_preset=\u00bbdefault\u00bb header_level=\u00bbh1&#8243; header_text_color=\u00bb#595959&#8243; header_font_size=\u00bb29px\u00bb animation_style=\u00bbfade\u00bb header_font_tablet=\u00bb\u00bb header_font_phone=\u00bb\u00bb header_font_last_edited=\u00bbon|desktop\u00bb header_font_size_tablet=\u00bb29px\u00bb header_font_size_phone=\u00bb19px\u00bb header_font_size_last_edited=\u00bbon|desktop\u00bb global_colors_info=\u00bb{}\u00bb][\/dsm_text_divider][et_pb_blurb title=\u00bb-seguridad y tecnolog\u00eda de vanguardia\u00bb content_max_width=\u00bb100%\u00bb _builder_version=\u00bb4.27.4&#8243; _module_preset=\u00bbdefault\u00bb header_level=\u00bbh1&#8243; header_font=\u00bbOrbitron|||on|||||\u00bb header_text_align=\u00bbleft\u00bb header_text_color=\u00bb#34378d\u00bb header_font_size=\u00bb47px\u00bb body_font=\u00bbAbel||||||||\u00bb body_text_align=\u00bbjustify\u00bb body_font_size=\u00bb20px\u00bb header_text_shadow_style=\u00bbpreset3&#8243; inline_fonts=\u00bbAbhaya Libre\u00bb global_colors_info=\u00bb{}\u00bb]<\/p>\n<p><span style=\"font-family: 'Abhaya Libre';\">Nuestra misi\u00f3n es innovar en el mercado implementando equipos con <strong>tecnolog\u00eda de vanguardia<\/strong> y materiales de alt\u00edsima calidad. De esta manera, garantizamos no solo el crecimiento de nuestra empresa, sino tambi\u00e9n el <strong><span style=\"text-decoration: underline;\">\u00e9xito de todos nuestros clientes.<\/span><\/strong><\/span><\/p>\n<p>[\/et_pb_blurb][\/et_pb_column][\/et_pb_row][et_pb_row use_custom_gutter=\u00bbon\u00bb _builder_version=\u00bb4.27.4&#8243; _module_preset=\u00bbdefault\u00bb width=\u00bb100%\u00bb max_width=\u00bb100%\u00bb custom_padding=\u00bb||0px||false|false\u00bb global_colors_info=\u00bb{}\u00bb][et_pb_column type=\u00bb4_4&#8243; _builder_version=\u00bb4.27.4&#8243; _module_preset=\u00bbdefault\u00bb global_colors_info=\u00bb{}\u00bb][dsm_before_after_image before_src=\u00bbhttps:\/\/grimaldimexico.com\/wp-content\/uploads\/2025\/11\/MG_5689-scaled.jpg\u00bb before_alt=\u00bb25 TON\u00bb before_title_text=\u00bbGR25&#8243; after_src=\u00bbhttps:\/\/grimaldimexico.com\/wp-content\/uploads\/2025\/11\/MG_5675-scaled.jpg\u00bb after_alt=\u00bb25 TON\u00bb after_title_text=\u00bbGR25&#8243; before_label_text=\u00bb25 TON\u00bb after_label_text=\u00bbGR25&#8243; default_offset_pct=\u00bb0.2&#8243; overlay_color=\u00bbrgba(0,0,0,0.22)\u00bb _builder_version=\u00bb4.27.4&#8243; _module_preset=\u00bbdefault\u00bb global_colors_info=\u00bb{}\u00bb][\/dsm_before_after_image][\/et_pb_column][\/et_pb_row][\/et_pb_section][et_pb_section fb_built=\u00bb1&#8243; _builder_version=\u00bb4.27.4&#8243; _module_preset=\u00bbdefault\u00bb background_color=\u00bb#b5004e\u00bb background_image=\u00bbhttps:\/\/grimaldimexico.com\/wp-content\/uploads\/2025\/11\/map-5.webp\u00bb custom_margin=\u00bb-10px|||||\u00bb filter_hue_rotate=\u00bb235deg\u00bb filter_saturate=\u00bb155%\u00bb filter_brightness=\u00bb99%\u00bb saved_tabs=\u00bball\u00bb global_colors_info=\u00bb{}\u00bb][et_pb_row _builder_version=\u00bb4.27.4&#8243; _module_preset=\u00bbdefault\u00bb global_colors_info=\u00bb{}\u00bb][et_pb_column type=\u00bb4_4&#8243; _builder_version=\u00bb4.27.4&#8243; _module_preset=\u00bbdefault\u00bb global_colors_info=\u00bb{}\u00bb][et_pb_blurb title=\u00bbSIEMPRE EN MOVIMIENTO\u00bb icon_alignment=\u00bbleft\u00bb content_max_width=\u00bb100%\u00bb _builder_version=\u00bb4.27.4&#8243; _module_preset=\u00bbdefault\u00bb header_level=\u00bbh2&#8243; header_font=\u00bbOrbitron||||||||\u00bb header_text_align=\u00bbcenter\u00bb header_text_color=\u00bb#FFFFFF\u00bb body_font=\u00bbTimes New Roman||||||||\u00bb body_text_align=\u00bbcenter\u00bb body_text_color=\u00bb#FFFFFF\u00bb body_font_size=\u00bb54px\u00bb body_line_height=\u00bb1em\u00bb width=\u00bb100%\u00bb global_colors_info=\u00bb{}\u00bb]<\/p>\n<p>PRESENCIA EN MAS DE 120 PA\u00cdSES A TRAV\u00c9S DE 5 CONTINENTES<\/p>\n<p>[\/et_pb_blurb][\/et_pb_column][\/et_pb_row][\/et_pb_section]<\/p>\n","protected":false},"excerpt":{"rendered":"<p>Sistemas Roll Off, Gr\u00faas poligrapas, contenedores y mucho mas.<div class=\"et_pb_module dsm_perspective_image dsm_perspective_image_0\">\n\t\t\t\t\n\t\t\t\t\n\t\t\t\t\n\t\t\t\t\n\t\t\t\t\n\t\t\t\t\n\t\t\t\t<div class=\"et_pb_module_inner\">\n\t\t\t\t\t<div class=\"dsm-perspective-image-wrapper et_always_center_on_mobile\">\n\t\t\t\t\n\t\t\t\t\n\t\t\t\t<span class=\"et_pb_image_wrap \"><img decoding=\"async\" src=\"https:\/\/grimaldimexico.com\/wp-content\/uploads\/2025\/11\/cropped-logo-scaled.png\" alt=\"\" title=\"cropped-logo\" \/><\/span>\n\t\t\t<\/div>\n\t\t\t\t<\/div>\n\t\t\t<\/div><div class=\"et_pb_module dsm_text_divider dsm_text_divider_0 et_animated\">\n\t\t\t\t\n\t\t\t\t\n\t\t\t\t\n\t\t\t\t\n\t\t\t\t\n\t\t\t\t\n\t\t\t\t<div class=\"et_pb_module_inner\">\n\t\t\t\t\t<div class=\"dsm-text-divider-wrapper dsm-text-divider-align-center et_pb_bg_layout_light\">\n\t\t\t\t\n\t\t\t\t\n\t\t\t\t<div class=\"dsm-text-divider-before dsm-divider\"><\/div>\n\t\t\t\t<h1 class=\"dsm-text-divider-header et_pb_module_header\"><span>C\u00d3MO PODEMOS AYUDARTE<\/span><\/h1>\n\t\t\t\t<div class=\"dsm-text-divider-after dsm-divider\"><\/div>\n\t\t\t<\/div>\n\t\t\t\t<\/div>\n\t\t\t<\/div>Nuestra misi\u00f3n es innovar en el mercado implementando equipos con tecnolog\u00eda de vanguardia y materiales de alt\u00edsima calidad. De esta manera, garantizamos no solo [&hellip;]<\/p>\n","protected":false},"author":1,"featured_media":0,"parent":0,"menu_order":0,"comment_status":"closed","ping_status":"closed","template":"","meta":{"_et_pb_use_builder":"on","_et_pb_old_content":"","_et_gb_content_width":"","footnotes":""},"class_list":["post-10","page","type-page","status-publish","hentry"],"_links":{"self":[{"href":"https:\/\/grimaldimexico.com\/index.php?rest_route=\/wp\/v2\/pages\/10","targetHints":{"allow":["GET"]}}],"collection":[{"href":"https:\/\/grimaldimexico.com\/index.php?rest_route=\/wp\/v2\/pages"}],"about":[{"href":"https:\/\/grimaldimexico.com\/index.php?rest_route=\/wp\/v2\/types\/page"}],"author":[{"embeddable":true,"href":"https:\/\/grimaldimexico.com\/index.php?rest_route=\/wp\/v2\/users\/1"}],"replies":[{"embeddable":true,"href":"https:\/\/grimaldimexico.com\/index.php?rest_route=%2Fwp%2Fv2%2Fcomments&post=10"}],"version-history":[{"count":18,"href":"https:\/\/grimaldimexico.com\/index.php?rest_route=\/wp\/v2\/pages\/10\/revisions"}],"predecessor-version":[{"id":231,"href":"https:\/\/grimaldimexico.com\/index.php?rest_route=\/wp\/v2\/pages\/10\/revisions\/231"}],"wp:attachment":[{"href":"https:\/\/grimaldimexico.com\/index.php?rest_route=%2Fwp%2Fv2%2Fmedia&parent=10"}],"curies":[{"name":"wp","href":"https:\/\/api.w.org\/{rel}","templated":true}]}}